{"id":2899,"date":"2024-01-18T10:36:02","date_gmt":"2024-01-18T10:36:02","guid":{"rendered":"https:\/\/inmoempirerealestate.com\/avis-legal\/"},"modified":"2024-06-27T07:59:55","modified_gmt":"2024-06-27T07:59:55","slug":"avis-legal","status":"publish","type":"page","link":"https:\/\/inmoempirerealestate.com\/ca\/avis-legal\/","title":{"rendered":"Av\u00eds Legal"},"content":{"rendered":"\t\t<div data-elementor-type=\"wp-page\" data-elementor-id=\"2899\" class=\"elementor elementor-2899 elementor-653\" data-elementor-post-type=\"page\">\n\t\t\t\t<div class=\"elementor-element elementor-element-d65624e e-flex e-con-boxed e-con e-parent\" data-id=\"d65624e\" data-element_type=\"container\" data-e-type=\"container\">\n\t\t\t\t\t<div class=\"e-con-inner\">\n\t\t\t\t<div class=\"elementor-element elementor-element-6bf77ddd elementor-widget elementor-widget-text-editor\" data-id=\"6bf77ddd\" data-element_type=\"widget\" data-e-type=\"widget\" data-widget_type=\"text-editor.default\">\n\t\t\t\t<div class=\"elementor-widget-container\">\n\t\t\t\t\t\t\t\t\t\n<h4 class=\"wp-block-heading\">https:\/\/inmoempirerealestate.com\/<\/h4>\n\n<h3 class=\"wp-block-heading\">I. INFORMACI\u00d3 GENERAL<\/h3>\n\n<p>En compliment amb el deure informaci\u00f3 disposat a la Llei 34\/2002 de Serveis de la Societat de la Informaci\u00f3 i el Comer\u00e7 Electr\u00f2nic (LSSI-CE) d&#8217;11 de juliol, es faciliten a continuaci\u00f3 les dades d&#8217;informaci\u00f3 general seg\u00fcents d&#8217;aquest lloc web :<\/p>\n\n<p>La titularitat d&#8217;aquest lloc web, https:\/\/inmoempirerealestate.com\/, (d&#8217;ara endavant, Lloc Web) l&#8217;ostenta: INMO EMPIRE REAL ESTATE SL, prove\u00efda de NIF: B-67183962 i inscrita a: Pg. Dels Guixols n.15 17220, Girona amb les seg\u00fcents dades registrals: , el representant de les quals \u00e9s: Pau Teruel, i les dades de contacte del qual s\u00f3n:<\/p>\n\n<p>Adre\u00e7a: Pg. Dels Guixols n.15 17220, Girona<\/p>\n\n<p>Tel\u00e8fon de contacte: 670 32 68 71<\/p>\n\n<p>Email de contacte: info@inmoempirerealestate.com<\/p>\n\n<h3 class=\"wp-block-heading\">II. TERMES I CONDICIONS GENERALS D&#8217;\u00daS<\/h3>\n\n<h4 class=\"wp-block-heading\">L&#8217;objecte de les condicions: El Lloc Web<\/h4>\n\n<p>L&#8217;objecte d&#8217;aquestes Condicions Generals d&#8217;\u00das (d&#8217;ara endavant, Condicions) \u00e9s regular l&#8217;acc\u00e9s i la utilitzaci\u00f3 del Lloc Web. Als efectes de les presents Condicions s&#8217;entendr\u00e0 com a Lloc Web: l&#8217;aparen\u00e7a externa de les interf\u00edcies de pantalla, tant de forma est\u00e0tica com de forma din\u00e0mica, \u00e9s a dir, l&#8217;arbre de navegaci\u00f3; i tots els elements integrats tant a les interf\u00edcies de pantalla com a l&#8217;arbre de navegaci\u00f3 (d&#8217;ara endavant, Continguts) i tots aquells serveis o recursos en l\u00ednia que si escau ofereixi als Usuaris (d&#8217;ara endavant, Serveis).<\/p>\n\n<p>Inmo Empire Real Estate es reserva la facultat de modificar, en qualsevol moment, i sense av\u00eds previ, la presentaci\u00f3 i configuraci\u00f3 del Lloc Web i dels Continguts i Serveis que hi poguessin estar incorporats. L&#8217;Usuari reconeix i accepta que en qualsevol moment Inmo Empire Real Estate pugui interrompre, desactivar i\/o cancel\u00b7lar qualsevol d&#8217;aquests elements que s&#8217;integren al Lloc Web o accedir-hi.<\/p>\n\n<p>L&#8217;acc\u00e9s al Lloc Web per l&#8217;Usuari t\u00e9 car\u00e0cter lliure i, per regla general, \u00e9s gratu\u00eft sense que l&#8217;Usuari hagi de proporcionar una contraprestaci\u00f3 per poder-ne gaudir, llevat del cost de connexi\u00f3 a trav\u00e9s de la xarxa de telecomunicacions subministrada pel prove\u00efdor d&#8217;acc\u00e9s que hagi contractat l&#8217;usuari.<\/p>\n\n<p>La utilitzaci\u00f3 dels continguts no requereix pr\u00e8via subscripci\u00f3 o registre.<\/p>\n\n<h4 class=\"wp-block-heading\">L&#8217;Usuari<\/h4>\n\n<p>L&#8217;acc\u00e9s, la navegaci\u00f3 i \u00fas del Lloc Web, confereix la condici\u00f3 d&#8217;Usuari, per la qual cosa s&#8217;accepten, des que s&#8217;inicia la navegaci\u00f3 pel Lloc Web, totes les Condicions aqu\u00ed establertes, aix\u00ed com les modificacions ulteriors, sense perjudici de la aplicaci\u00f3 de la corresponent normativa legal de compliment obligat segons el cas. Atesa la rellev\u00e0ncia de l&#8217;anterior, es recomana a l&#8217;Usuari llegir-les cada cop que visiteu el Lloc Web.<\/p>\n\n<p>El lloc web d&#8217;Inmo Empire Real Estate proporciona una gran diversitat d&#8217;informaci\u00f3, serveis i dades. L&#8217;Usuari assumeix la seva responsabilitat per fer un \u00fas correcte del Lloc Web. Aquesta responsabilitat s&#8217;estendr\u00e0 a:<\/p>\n\n<ul>\n<li>Un \u00fas de la informaci\u00f3, continguts i\/o serveis i dades ofertes per Inmo Empire Real Estate sense que sigui contrari al que disposen aquestes Condicions, la Llei, la moral o l&#8217;ordre p\u00fablic, o que de qualsevol altra manera puguin suposar lesi\u00f3 dels drets de tercers o del mateix funcionament del Lloc Web.<\/li>\n\n<li>La veracitat i licitud de les informacions aportades per l&#8217;Usuari als formularis estesos per Inmo Empire Real Estate per a l&#8217;acc\u00e9s a certs Continguts o Serveis oferts pel Lloc Web. En tot cas, l&#8217;Usuari notificar\u00e0 de forma immediata a Inmo Empire Real Estate sobre qualsevol fet que permeti l&#8217;\u00fas indegut de la informaci\u00f3 registrada en aquests formularis, com ara, per\u00f2 no nom\u00e9s, el robatori, la p\u00e8rdua, o l&#8217;acc\u00e9s no autoritzat a identificadors i\/o contrasenyes, a fi de procedir a la seva immediata cancel\u00b7laci\u00f3.<\/li>\n<\/ul>\n\n<p>El mer acc\u00e9s a aquest Lloc Web no suposa entaular cap tipus de relaci\u00f3 de car\u00e0cter comercial entre Inmo Empire Real Estate i l&#8217;Usuari.<\/p>\n\n<p>Sempre en el respecte de la legislaci\u00f3 vigent, aquest Lloc Web d&#8217;Inmo Empire Real Estate s&#8217;adre\u00e7a a totes les persones, sense importar la seva edat, que puguin accedir i\/o navegar per les p\u00e0gines del Lloc Web.<\/p>\n\n<h3 class=\"wp-block-heading\">III. ACC\u00c9S I NAVEGACI\u00d3 AL LLOC WEB: EXCLUSI\u00d3 DE GARANTIES I RESPONSABILITAT<\/h3>\n\n<p>Inmo Empire Real Estate no garanteix la continu\u00eftat, disponibilitat i utilitat del Lloc Web, ni dels Continguts o Serveis. Inmo Empire Real Estate far\u00e0 tot el possible pel bon funcionament del Lloc Web, per\u00f2, no es responsabilitza ni garanteix que l&#8217;acc\u00e9s a aquest Lloc Web no sigui ininterromput o que estigui lliure d&#8217;error.<\/p>\n\n<p>Tampoc no es responsabilitza o garanteix que el contingut o programari al qual es pugui accedir a trav\u00e9s d&#8217;aquest Lloc Web, estigui lliure d&#8217;error o causi un dany al sistema inform\u00e0tic (programari i maquinari) de l&#8217;Usuari. En cap cas Inmo Empire Real Estate ser\u00e0 responsable per les p\u00e8rdues, danys o perjudicis de qualsevol tipus que sorgeixin per l&#8217;acc\u00e9s, navegaci\u00f3 i \u00fas del Lloc Web, incloent-se, per\u00f2 no limitant-se, als ocasionats als sistemes inform\u00e0tics o els provocats per la introducci\u00f3 de virus.<\/p>\n\n<p>Inmo Empire Real Estate tampoc no es fa responsable dels danys que poguessin ocasionar-se als usuaris per un \u00fas inadequat d&#8217;aquest Lloc Web. En particular, no es fa responsable de cap manera de les caigudes, interrupcions, falta o defecte de les telecomunicacions que poguessin oc\u00f3rrer.<\/p>\n\n<h3 class=\"wp-block-heading\">IV. POL\u00cdTICA D&#8217;ENLLA\u00c7OS<\/h3>\n\n<p>L&#8217;Usuari o tercer que faci un hiperenlla\u00e7 des d&#8217;una p\u00e0gina web d&#8217;un altre, diferent, lloc web al Lloc Web d&#8217;Inmo Empire Real Estate haur\u00e0 de saber que:<\/p>\n\n<p>No es permet la reproducci\u00f3 \u2014totalment o parcialment\u2014 de cap dels Continguts i\/o Serveis del Lloc Web sense autoritzaci\u00f3 expressa d&#8217;Inmo Empire Real Estate.<\/p>\n\n<p>No es permet tampoc cap manifestaci\u00f3 falsa, inexacta o incorrecta sobre el Lloc Web d&#8217;Inmo Empire Real Estate, ni sobre els Continguts i\/o Serveis del mateix.<\/p>\n\n<p>A excepci\u00f3 de l&#8217;hiperenlla\u00e7, el lloc web en qu\u00e8 s&#8217;estableixi aquest hiperenlla\u00e7 no contindr\u00e0 cap element, d&#8217;aquest Lloc Web, protegit com a propietat intel\u00b7lectual per l&#8217;ordenament jur\u00eddic espanyol, llevat d&#8217;autoritzaci\u00f3 expressa d&#8217;Inmo Empire Real Estate.<\/p>\n\n<p>L&#8217;establiment de l&#8217;hiperenlla\u00e7 no implicar\u00e0 l&#8217;exist\u00e8ncia de relacions entre Inmo Empire Real Estate i el titular del lloc web des del qual es realitzi, ni el coneixement i l&#8217;acceptaci\u00f3 d&#8217;Inmo Empire Real Estate dels continguts, serveis i\/o activitats ofertes en aquest lloc web, i viceversa.<\/p>\n\n<h3 class=\"wp-block-heading\">V. PROPIETAT INTEL\u00b7LECTUAL I INDUSTRIAL<\/h3>\n\n<p>Inmo Empire Real Estate per si o com a part cession\u00e0ria, \u00e9s titular de tots els drets de propietat intel\u00b7lectual i industrial del Lloc Web, aix\u00ed com dels elements continguts en aquest (a t\u00edtol enunciatiu i no exhaustiu, imatges, so, \u00e0udio, v\u00eddeo , programari o textos, marques o logotips, combinacions de colors, estructura i disseny, selecci\u00f3 de materials usats, programes dordinador necessaris per al seu funcionament, acc\u00e9s i \u00fas, etc.). Seran, per tant, obres protegides com a propietat intel\u00b7lectual per l&#8217;ordenament jur\u00eddic espanyol, i els seran aplicables tant la normativa espanyola i comunit\u00e0ria en aquest camp, com els tractats internacionals relatius a la mat\u00e8ria i subscrits per Espanya.<\/p>\n\n<p>Tots els drets reservats. En virtut del que disposa la Llei de propietat intel\u00b7lectual, queden expressament prohibides la reproducci\u00f3, la distribuci\u00f3 i la comunicaci\u00f3 p\u00fablica, inclosa la seva modalitat de posada a disposici\u00f3, de la totalitat o part dels continguts d&#8217;aquesta p\u00e0gina web, amb fins comercials, a qualsevol suport i per qualsevol mitj\u00e0 t\u00e8cnic, sense l&#8217;autoritzaci\u00f3 d&#8217;Inmo Empire Real Estate.<\/p>\n\n<p>L&#8217;usuari es compromet a respectar els drets de propietat intel\u00b7lectual i industrial d&#8217;Inmo Empire Real Estate. Podreu visualitzar els elements del Lloc Web o fins i tot imprimir-los, copiar-los i emmagatzemar-los al disc dur del vostre ordinador o en qualsevol altre suport f\u00edsic sempre que sigui, exclusivament, per al seu \u00fas personal. L&#8217;Usuari, per\u00f2, no podr\u00e0 suprimir, alterar, o manipular qualsevol dispositiu de protecci\u00f3 o sistema de seguretat que estigu\u00e9s instal\u00b7lat al Lloc Web.<\/p>\n\n<p>En cas que l&#8217;Usuari o tercer consideri que qualsevol dels Continguts del Lloc Web suposi una violaci\u00f3 dels drets de protecci\u00f3 de la propietat intel\u00b7lectual, ho haur\u00e0 de comunicar immediatament a Inmo Empire Real Estate a trav\u00e9s de les dades de contacte de l&#8217;apartat d&#8217;INFORMACI\u00d3 GENERAL d&#8217;aquest Av\u00eds Legal i Condicions Generals d&#8217;\u00das.<\/p>\n\n<h3 class=\"wp-block-heading\">VI. ACCIONS LEGALS, LEGISLACI\u00d3 APLICABLE I JURISDICCI\u00d3<\/h3>\n\n<p>Inmo Empire Real Estate es reserva la facultat de presentar les accions civils o penals que consideri necess\u00e0ries per la utilitzaci\u00f3 indeguda del Lloc Web i Continguts, o per l&#8217;incompliment de les presents Condicions.<\/p>\n\n<p>La relaci\u00f3 entre l&#8217;Usuari i l&#8217;Inmo Empire Real Estate es regir\u00e0 per la normativa vigent i d&#8217;aplicaci\u00f3 al territori espanyol. Si sorgeix qualsevol controv\u00e8rsia en relaci\u00f3 amb la interpretaci\u00f3 i\/o l&#8217;aplicaci\u00f3 d&#8217;aquestes Condicions, les parts sotmetran els seus conflictes a la jurisdicci\u00f3 ordin\u00e0ria sotmetent-se als jutges i tribunals que corresponguin d&#8217;acord amb el dret.<\/p>\n\t\t\t\t\t\t\t\t<\/div>\n\t\t\t\t<\/div>\n\t\t\t\t\t<\/div>\n\t\t\t\t<\/div>\n\t\t\t\t<\/div>\n\t\t","protected":false},"excerpt":{"rendered":"<p>https:\/\/inmoempirerealestate.com\/ I. INFORMACI\u00d3 GENERAL En compliment amb el deure informaci\u00f3 disposat a la Llei 34\/2002 de Serveis de la Societat de la Informaci\u00f3 i el Comer\u00e7 Electr\u00f2nic (LSSI-CE) d&#8217;11 de juliol, es faciliten a continuaci\u00f3 les dades d&#8217;informaci\u00f3 general seg\u00fcents d&#8217;aquest lloc web : La titularitat d&#8217;aquest lloc web, https:\/\/inmoempirerealestate.com\/, (d&#8217;ara endavant, Lloc Web) l&#8217;ostenta: [&hellip;]<\/p>\n","protected":false},"author":2,"featured_media":0,"parent":0,"menu_order":0,"comment_status":"closed","ping_status":"closed","template":"","meta":{"_joinchat":[],"footnotes":""},"class_list":["post-2899","page","type-page","status-publish","hentry"],"_links":{"self":[{"href":"https:\/\/inmoempirerealestate.com\/ca\/wp-json\/wp\/v2\/pages\/2899","targetHints":{"allow":["GET"]}}],"collection":[{"href":"https:\/\/inmoempirerealestate.com\/ca\/wp-json\/wp\/v2\/pages"}],"about":[{"href":"https:\/\/inmoempirerealestate.com\/ca\/wp-json\/wp\/v2\/types\/page"}],"author":[{"embeddable":true,"href":"https:\/\/inmoempirerealestate.com\/ca\/wp-json\/wp\/v2\/users\/2"}],"replies":[{"embeddable":true,"href":"https:\/\/inmoempirerealestate.com\/ca\/wp-json\/wp\/v2\/comments?post=2899"}],"version-history":[{"count":2,"href":"https:\/\/inmoempirerealestate.com\/ca\/wp-json\/wp\/v2\/pages\/2899\/revisions"}],"predecessor-version":[{"id":3343,"href":"https:\/\/inmoempirerealestate.com\/ca\/wp-json\/wp\/v2\/pages\/2899\/revisions\/3343"}],"wp:attachment":[{"href":"https:\/\/inmoempirerealestate.com\/ca\/wp-json\/wp\/v2\/media?parent=2899"}],"curies":[{"name":"wp","href":"https:\/\/api.w.org\/{rel}","templated":true}]}}