{"id":2901,"date":"2024-01-08T09:26:22","date_gmt":"2024-01-08T09:26:22","guid":{"rendered":"https:\/\/inmoempirerealestate.com\/blog\/"},"modified":"2024-06-28T21:05:55","modified_gmt":"2024-06-28T21:05:55","slug":"blog","status":"publish","type":"page","link":"https:\/\/inmoempirerealestate.com\/ca\/blog\/","title":{"rendered":"Blog"},"content":{"rendered":"\t\t<div data-elementor-type=\"wp-page\" data-elementor-id=\"2901\" class=\"elementor elementor-2901 elementor-29\" data-elementor-post-type=\"page\">\n\t\t\t\t<div class=\"elementor-element elementor-element-3635465 e-flex e-con-boxed e-con e-parent\" data-id=\"3635465\" data-element_type=\"container\" data-e-type=\"container\" data-settings=\"{&quot;background_background&quot;:&quot;classic&quot;}\">\n\t\t\t\t\t<div class=\"e-con-inner\">\n\t\t\t\t<div class=\"elementor-element elementor-element-aa63177 elementor-widget__width-initial elementor-widget elementor-widget-heading\" data-id=\"aa63177\" data-element_type=\"widget\" data-e-type=\"widget\" data-widget_type=\"heading.default\">\n\t\t\t\t<div class=\"elementor-widget-container\">\n\t\t\t\t\t<h2 class=\"elementor-heading-title elementor-size-default\">Blog i Not\u00edcies<\/h2>\t\t\t\t<\/div>\n\t\t\t\t<\/div>\n\t\t\t\t<div class=\"elementor-element elementor-element-90125cb elementor-widget-divider--view-line elementor-widget elementor-widget-divider\" data-id=\"90125cb\" data-element_type=\"widget\" data-e-type=\"widget\" data-widget_type=\"divider.default\">\n\t\t\t\t<div class=\"elementor-widget-container\">\n\t\t\t\t\t\t\t<div class=\"elementor-divider\">\n\t\t\t<span class=\"elementor-divider-separator\">\n\t\t\t\t\t\t<\/span>\n\t\t<\/div>\n\t\t\t\t\t\t<\/div>\n\t\t\t\t<\/div>\n\t\t\t\t<div class=\"elementor-element elementor-element-ff2fc1a elementor-widget elementor-widget-text-editor\" data-id=\"ff2fc1a\" data-element_type=\"widget\" data-e-type=\"widget\" data-widget_type=\"text-editor.default\">\n\t\t\t\t<div class=\"elementor-widget-container\">\n\t\t\t\t\t\t\t\t\t<p>Explora el nostre blog per obtenir consells experts sobre inversi\u00f3 i gesti\u00f3 de patrimonis immobiliaris! Troba informaci\u00f3 valuosa per maximitzar les teves inversions i optimitzar l&#8217;administraci\u00f3 dels teus actius immobiliaris.\u00a0<\/p><p>Submergeix-te en contingut especialitzat que t&#8217;ajudar\u00e0 a prendre decisions financeres m\u00e9s informades i exitoses.<\/p>\t\t\t\t\t\t\t\t<\/div>\n\t\t\t\t<\/div>\n\t\t\t\t\t<\/div>\n\t\t\t\t<\/div>\n\t\t<div class=\"elementor-element elementor-element-c21d6a2 e-flex e-con-boxed e-con e-parent\" data-id=\"c21d6a2\" data-element_type=\"container\" data-e-type=\"container\">\n\t\t\t\t\t<div class=\"e-con-inner\">\n\t\t<div class=\"elementor-element elementor-element-b36edef e-flex e-con-boxed e-con e-child\" data-id=\"b36edef\" data-element_type=\"container\" data-e-type=\"container\">\n\t\t\t\t\t<div class=\"e-con-inner\">\n\t\t<div class=\"elementor-element elementor-element-5f3eaeb e-con-full e-flex e-con e-child\" data-id=\"5f3eaeb\" data-element_type=\"container\" data-e-type=\"container\">\n\t\t\t\t<div class=\"elementor-element elementor-element-3d6a802 elementor-widget elementor-widget-heading\" data-id=\"3d6a802\" data-element_type=\"widget\" data-e-type=\"widget\" data-widget_type=\"heading.default\">\n\t\t\t\t<div class=\"elementor-widget-container\">\n\t\t\t\t\t<h2 class=\"elementor-heading-title elementor-size-default\">Articles del blog<\/h2>\t\t\t\t<\/div>\n\t\t\t\t<\/div>\n\t\t\t\t<\/div>\n\t\t<div class=\"elementor-element elementor-element-fbd8f27 e-con-full e-flex e-con e-child\" data-id=\"fbd8f27\" data-element_type=\"container\" data-e-type=\"container\">\n\t\t\t\t<div class=\"elementor-element elementor-element-d4b3a19 elementor-widget elementor-widget-heading\" data-id=\"d4b3a19\" data-element_type=\"widget\" data-e-type=\"widget\" data-widget_type=\"heading.default\">\n\t\t\t\t<div class=\"elementor-widget-container\">\n\t\t\t\t\t<h2 class=\"elementor-heading-title elementor-size-default\">\u00daltimes not\u00edcies<\/h2>\t\t\t\t<\/div>\n\t\t\t\t<\/div>\n\t\t\t\t<\/div>\n\t\t\t\t\t<\/div>\n\t\t\t\t<\/div>\n\t\t\t\t\t<\/div>\n\t\t\t\t<\/div>\n\t\t\t\t<\/div>\n\t\t","protected":false},"excerpt":{"rendered":"<p>Blog i Not\u00edcies Explora el nostre blog per obtenir consells experts sobre inversi\u00f3 i gesti\u00f3 de patrimonis immobiliaris! Troba informaci\u00f3 valuosa per maximitzar les teves inversions i optimitzar l&#8217;administraci\u00f3 dels teus actius immobiliaris.\u00a0 Submergeix-te en contingut especialitzat que t&#8217;ajudar\u00e0 a prendre decisions financeres m\u00e9s informades i exitoses. Articles del blog \u00daltimes not\u00edcies<\/p>\n","protected":false},"author":2,"featured_media":0,"parent":0,"menu_order":0,"comment_status":"closed","ping_status":"closed","template":"","meta":{"_joinchat":[],"footnotes":""},"class_list":["post-2901","page","type-page","status-publish","hentry"],"_links":{"self":[{"href":"https:\/\/inmoempirerealestate.com\/ca\/wp-json\/wp\/v2\/pages\/2901","targetHints":{"allow":["GET"]}}],"collection":[{"href":"https:\/\/inmoempirerealestate.com\/ca\/wp-json\/wp\/v2\/pages"}],"about":[{"href":"https:\/\/inmoempirerealestate.com\/ca\/wp-json\/wp\/v2\/types\/page"}],"author":[{"embeddable":true,"href":"https:\/\/inmoempirerealestate.com\/ca\/wp-json\/wp\/v2\/users\/2"}],"replies":[{"embeddable":true,"href":"https:\/\/inmoempirerealestate.com\/ca\/wp-json\/wp\/v2\/comments?post=2901"}],"version-history":[{"count":5,"href":"https:\/\/inmoempirerealestate.com\/ca\/wp-json\/wp\/v2\/pages\/2901\/revisions"}],"predecessor-version":[{"id":3433,"href":"https:\/\/inmoempirerealestate.com\/ca\/wp-json\/wp\/v2\/pages\/2901\/revisions\/3433"}],"wp:attachment":[{"href":"https:\/\/inmoempirerealestate.com\/ca\/wp-json\/wp\/v2\/media?parent=2901"}],"curies":[{"name":"wp","href":"https:\/\/api.w.org\/{rel}","templated":true}]}}